{"id":12,"date":"2024-12-08T21:25:33","date_gmt":"2024-12-08T21:25:33","guid":{"rendered":"https:\/\/nova.estetika-eva.si\/?page_id=12"},"modified":"2025-06-10T12:57:40","modified_gmt":"2025-06-10T12:57:40","slug":"estetika-eva-frizerski-in-kozmeticni-salon","status":"publish","type":"page","link":"https:\/\/nova.estetika-eva.si\/","title":{"rendered":"Domov"},"content":{"rendered":"\t\t<div data-elementor-type=\"wp-page\" data-elementor-id=\"12\" class=\"elementor elementor-12\">\n\t\t\t\t<div class=\"elementor-element elementor-element-59aa773 e-con-full e-flex e-con e-parent\" data-id=\"59aa773\" data-element_type=\"container\">\n\t\t\t\t<div class=\"elementor-element elementor-element-53b0984 elementor-widget__width-inherit elementor-widget elementor-widget-video\" data-id=\"53b0984\" data-element_type=\"widget\" data-settings=\"{&quot;youtube_url&quot;:&quot;https:\\\/\\\/www.youtube.com\\\/watch?v=Eb-XNdLwFus&quot;,&quot;autoplay&quot;:&quot;yes&quot;,&quot;play_on_mobile&quot;:&quot;yes&quot;,&quot;mute&quot;:&quot;yes&quot;,&quot;loop&quot;:&quot;yes&quot;,&quot;video_type&quot;:&quot;youtube&quot;,&quot;controls&quot;:&quot;yes&quot;}\" data-widget_type=\"video.default\">\n\t\t\t\t<div class=\"elementor-widget-container\">\n\t\t\t\t\t\t\t<div class=\"elementor-wrapper elementor-open-inline\">\n\t\t\t<div class=\"elementor-video\"><\/div>\t\t<\/div>\n\t\t\t\t\t\t<\/div>\n\t\t\t\t<\/div>\n\t\t<div class=\"elementor-element elementor-element-eb7fa87 e-con-full e-flex e-con e-child\" data-id=\"eb7fa87\" data-element_type=\"container\">\n\t\t\t\t<div class=\"elementor-element elementor-element-f77f032 elementor-widget elementor-widget-spacer\" data-id=\"f77f032\" data-element_type=\"widget\" data-widget_type=\"spacer.default\">\n\t\t\t\t<div class=\"elementor-widget-container\">\n\t\t\t\t\t\t\t<div class=\"elementor-spacer\">\n\t\t\t<div class=\"elementor-spacer-inner\"><\/div>\n\t\t<\/div>\n\t\t\t\t\t\t<\/div>\n\t\t\t\t<\/div>\n\t\t<div class=\"elementor-element elementor-element-21ed938 e-grid e-con-full e-con e-child\" data-id=\"21ed938\" data-element_type=\"container\">\n\t\t\t\t<div class=\"elementor-element elementor-element-df9a9b9 elementor-widget-mobile__width-initial elementor-widget elementor-widget-image\" data-id=\"df9a9b9\" data-element_type=\"widget\" data-widget_type=\"image.default\">\n\t\t\t\t<div class=\"elementor-widget-container\">\n\t\t\t\t\t\t\t\t\t\t\t\t\t\t\t\t<a href=\"https:\/\/nova.estetika-eva.si\/?page_id=206\">\n\t\t\t\t\t\t\t<img fetchpriority=\"high\" decoding=\"async\" width=\"637\" height=\"637\" src=\"https:\/\/nova.estetika-eva.si\/wp-content\/uploads\/2025\/06\/RF_FOTO_COLOR.png\" class=\"attachment-large size-large wp-image-887\" alt=\"\" srcset=\"https:\/\/nova.estetika-eva.si\/wp-content\/uploads\/2025\/06\/RF_FOTO_COLOR.png 637w, https:\/\/nova.estetika-eva.si\/wp-content\/uploads\/2025\/06\/RF_FOTO_COLOR-300x300.png 300w, https:\/\/nova.estetika-eva.si\/wp-content\/uploads\/2025\/06\/RF_FOTO_COLOR-150x150.png 150w\" sizes=\"(max-width: 637px) 100vw, 637px\" \/>\t\t\t\t\t\t\t\t<\/a>\n\t\t\t\t\t\t\t\t\t\t\t\t\t\t\t<\/div>\n\t\t\t\t<\/div>\n\t\t\t\t<div class=\"elementor-element elementor-element-d85e216 elementor-widget-mobile__width-initial elementor-widget elementor-widget-image\" data-id=\"d85e216\" data-element_type=\"widget\" data-widget_type=\"image.default\">\n\t\t\t\t<div class=\"elementor-widget-container\">\n\t\t\t\t\t\t\t\t\t\t\t\t\t\t\t\t<a href=\"https:\/\/nova.estetika-eva.si\/?page_id=682\">\n\t\t\t\t\t\t\t<img decoding=\"async\" width=\"637\" height=\"637\" src=\"https:\/\/nova.estetika-eva.si\/wp-content\/uploads\/2025\/06\/Inno.png\" class=\"attachment-large size-large wp-image-918\" alt=\"\" srcset=\"https:\/\/nova.estetika-eva.si\/wp-content\/uploads\/2025\/06\/Inno.png 637w, https:\/\/nova.estetika-eva.si\/wp-content\/uploads\/2025\/06\/Inno-300x300.png 300w, https:\/\/nova.estetika-eva.si\/wp-content\/uploads\/2025\/06\/Inno-150x150.png 150w\" sizes=\"(max-width: 637px) 100vw, 637px\" \/>\t\t\t\t\t\t\t\t<\/a>\n\t\t\t\t\t\t\t\t\t\t\t\t\t\t\t<\/div>\n\t\t\t\t<\/div>\n\t\t\t\t<div class=\"elementor-element elementor-element-be9412f elementor-widget elementor-widget-image\" data-id=\"be9412f\" data-element_type=\"widget\" data-widget_type=\"image.default\">\n\t\t\t\t<div class=\"elementor-widget-container\">\n\t\t\t\t\t\t\t\t\t\t\t\t\t\t\t\t<a href=\"https:\/\/nova.estetika-eva.si\/?page_id=785\">\n\t\t\t\t\t\t\t<img decoding=\"async\" width=\"637\" height=\"637\" src=\"https:\/\/nova.estetika-eva.si\/wp-content\/uploads\/2025\/06\/derma.png\" class=\"attachment-large size-large wp-image-930\" alt=\"\" srcset=\"https:\/\/nova.estetika-eva.si\/wp-content\/uploads\/2025\/06\/derma.png 637w, https:\/\/nova.estetika-eva.si\/wp-content\/uploads\/2025\/06\/derma-300x300.png 300w, https:\/\/nova.estetika-eva.si\/wp-content\/uploads\/2025\/06\/derma-150x150.png 150w\" sizes=\"(max-width: 637px) 100vw, 637px\" \/>\t\t\t\t\t\t\t\t<\/a>\n\t\t\t\t\t\t\t\t\t\t\t\t\t\t\t<\/div>\n\t\t\t\t<\/div>\n\t\t\t\t<div class=\"elementor-element elementor-element-a28fa05 elementor-widget elementor-widget-image\" data-id=\"a28fa05\" data-element_type=\"widget\" data-widget_type=\"image.default\">\n\t\t\t\t<div class=\"elementor-widget-container\">\n\t\t\t\t\t\t\t\t\t\t\t\t\t\t\t\t<a href=\"https:\/\/nova.estetika-eva.si\/?page_id=793\">\n\t\t\t\t\t\t\t<img loading=\"lazy\" decoding=\"async\" width=\"637\" height=\"637\" src=\"https:\/\/nova.estetika-eva.si\/wp-content\/uploads\/2025\/06\/Mezo.png\" class=\"attachment-large size-large wp-image-935\" alt=\"\" srcset=\"https:\/\/nova.estetika-eva.si\/wp-content\/uploads\/2025\/06\/Mezo.png 637w, https:\/\/nova.estetika-eva.si\/wp-content\/uploads\/2025\/06\/Mezo-300x300.png 300w, https:\/\/nova.estetika-eva.si\/wp-content\/uploads\/2025\/06\/Mezo-150x150.png 150w\" sizes=\"(max-width: 637px) 100vw, 637px\" \/>\t\t\t\t\t\t\t\t<\/a>\n\t\t\t\t\t\t\t\t\t\t\t\t\t\t\t<\/div>\n\t\t\t\t<\/div>\n\t\t\t\t<\/div>\n\t\t\t\t<div class=\"elementor-element elementor-element-961c2f3 elementor-widget elementor-widget-spacer\" data-id=\"961c2f3\" data-element_type=\"widget\" data-widget_type=\"spacer.default\">\n\t\t\t\t<div class=\"elementor-widget-container\">\n\t\t\t\t\t\t\t<div class=\"elementor-spacer\">\n\t\t\t<div class=\"elementor-spacer-inner\"><\/div>\n\t\t<\/div>\n\t\t\t\t\t\t<\/div>\n\t\t\t\t<\/div>\n\t\t\t\t<div class=\"elementor-element elementor-element-5f2d5f2 elementor-arrows-position-inside elementor-widget elementor-widget-image-carousel\" data-id=\"5f2d5f2\" data-element_type=\"widget\" data-settings=\"{&quot;slides_to_show&quot;:&quot;1&quot;,&quot;navigation&quot;:&quot;arrows&quot;,&quot;autoplay&quot;:&quot;yes&quot;,&quot;pause_on_hover&quot;:&quot;yes&quot;,&quot;pause_on_interaction&quot;:&quot;yes&quot;,&quot;autoplay_speed&quot;:5000,&quot;infinite&quot;:&quot;yes&quot;,&quot;effect&quot;:&quot;slide&quot;,&quot;speed&quot;:500}\" data-widget_type=\"image-carousel.default\">\n\t\t\t\t<div class=\"elementor-widget-container\">\n\t\t\t\t\t\t\t<div class=\"elementor-image-carousel-wrapper swiper\" role=\"region\" aria-roledescription=\"carousel\" aria-label=\"Image Carousel\" dir=\"ltr\">\n\t\t\t<div class=\"elementor-image-carousel swiper-wrapper\" aria-live=\"off\">\n\t\t\t\t\t\t\t\t<div class=\"swiper-slide\" role=\"group\" aria-roledescription=\"slide\" aria-label=\"1 of 11\"><figure class=\"swiper-slide-inner\"><img decoding=\"async\" class=\"swiper-slide-image\" src=\"https:\/\/nova.estetika-eva.si\/wp-content\/uploads\/2024\/12\/DSC_7317-scaled-1-1024x678.jpg\" alt=\"DSC_7317-scaled\" \/><\/figure><\/div><div class=\"swiper-slide\" role=\"group\" aria-roledescription=\"slide\" aria-label=\"2 of 11\"><figure class=\"swiper-slide-inner\"><img decoding=\"async\" class=\"swiper-slide-image\" src=\"https:\/\/nova.estetika-eva.si\/wp-content\/uploads\/2024\/12\/1-scaled-e1729614055270-1024x653.jpg\" alt=\"1-scaled-e1729614055270\" \/><\/figure><\/div><div class=\"swiper-slide\" role=\"group\" aria-roledescription=\"slide\" aria-label=\"3 of 11\"><figure class=\"swiper-slide-inner\"><img decoding=\"async\" class=\"swiper-slide-image\" src=\"https:\/\/nova.estetika-eva.si\/wp-content\/uploads\/2024\/12\/DSC_7228-scaled-1-1024x678.jpg\" alt=\"DSC_7228-scaled\" \/><\/figure><\/div><div class=\"swiper-slide\" role=\"group\" aria-roledescription=\"slide\" aria-label=\"4 of 11\"><figure class=\"swiper-slide-inner\"><img decoding=\"async\" class=\"swiper-slide-image\" src=\"https:\/\/nova.estetika-eva.si\/wp-content\/uploads\/2025\/06\/DSC_6827-1024x678.jpg\" alt=\"DSC_6827\" \/><\/figure><\/div><div class=\"swiper-slide\" role=\"group\" aria-roledescription=\"slide\" aria-label=\"5 of 11\"><figure class=\"swiper-slide-inner\"><img decoding=\"async\" class=\"swiper-slide-image\" src=\"https:\/\/nova.estetika-eva.si\/wp-content\/uploads\/2025\/06\/DSC_6956-1024x678.jpg\" alt=\"DSC_6956\" \/><\/figure><\/div><div class=\"swiper-slide\" role=\"group\" aria-roledescription=\"slide\" aria-label=\"6 of 11\"><figure class=\"swiper-slide-inner\"><img decoding=\"async\" class=\"swiper-slide-image\" src=\"https:\/\/nova.estetika-eva.si\/wp-content\/uploads\/2024\/12\/DSC_7325-scaled-1-1024x678.jpg\" alt=\"DSC_7325-scaled\" \/><\/figure><\/div><div class=\"swiper-slide\" role=\"group\" aria-roledescription=\"slide\" aria-label=\"7 of 11\"><figure class=\"swiper-slide-inner\"><img decoding=\"async\" class=\"swiper-slide-image\" src=\"https:\/\/nova.estetika-eva.si\/wp-content\/uploads\/2025\/06\/DSC_7250-1024x678.jpg\" alt=\"DSC_7250\" \/><\/figure><\/div><div class=\"swiper-slide\" role=\"group\" aria-roledescription=\"slide\" aria-label=\"8 of 11\"><figure class=\"swiper-slide-inner\"><img decoding=\"async\" class=\"swiper-slide-image\" src=\"https:\/\/nova.estetika-eva.si\/wp-content\/uploads\/2025\/06\/DSC_6980-1024x678.jpg\" alt=\"DSC_6980\" \/><\/figure><\/div><div class=\"swiper-slide\" role=\"group\" aria-roledescription=\"slide\" aria-label=\"9 of 11\"><figure class=\"swiper-slide-inner\"><img decoding=\"async\" class=\"swiper-slide-image\" src=\"https:\/\/nova.estetika-eva.si\/wp-content\/uploads\/2024\/12\/DSC_7381-scaled-1-1024x678.jpg\" alt=\"DSC_7381-scaled\" \/><\/figure><\/div><div class=\"swiper-slide\" role=\"group\" aria-roledescription=\"slide\" aria-label=\"10 of 11\"><figure class=\"swiper-slide-inner\"><img decoding=\"async\" class=\"swiper-slide-image\" src=\"https:\/\/nova.estetika-eva.si\/wp-content\/uploads\/2025\/06\/DSC_7054-1024x678.jpg\" alt=\"DSC_7054\" \/><\/figure><\/div><div class=\"swiper-slide\" role=\"group\" aria-roledescription=\"slide\" aria-label=\"11 of 11\"><figure class=\"swiper-slide-inner\"><img decoding=\"async\" class=\"swiper-slide-image\" src=\"https:\/\/nova.estetika-eva.si\/wp-content\/uploads\/2025\/06\/DSC_7410-1024x678.jpg\" alt=\"DSC_7410\" \/><\/figure><\/div>\t\t\t<\/div>\n\t\t\t\t\t\t\t\t\t\t\t\t<div class=\"elementor-swiper-button elementor-swiper-button-prev\" role=\"button\" tabindex=\"0\">\n\t\t\t\t\t\t<svg aria-hidden=\"true\" class=\"e-font-icon-svg e-eicon-chevron-left\" viewBox=\"0 0 1000 1000\" xmlns=\"http:\/\/www.w3.org\/2000\/svg\"><path d=\"M646 125C629 125 613 133 604 142L308 442C296 454 292 471 292 487 292 504 296 521 308 533L604 854C617 867 629 875 646 875 663 875 679 871 692 858 704 846 713 829 713 812 713 796 708 779 692 767L438 487 692 225C700 217 708 204 708 187 708 171 704 154 692 142 675 129 663 125 646 125Z\"><\/path><\/svg>\t\t\t\t\t<\/div>\n\t\t\t\t\t<div class=\"elementor-swiper-button elementor-swiper-button-next\" role=\"button\" tabindex=\"0\">\n\t\t\t\t\t\t<svg aria-hidden=\"true\" class=\"e-font-icon-svg e-eicon-chevron-right\" viewBox=\"0 0 1000 1000\" xmlns=\"http:\/\/www.w3.org\/2000\/svg\"><path d=\"M696 533C708 521 713 504 713 487 713 471 708 454 696 446L400 146C388 133 375 125 354 125 338 125 325 129 313 142 300 154 292 171 292 187 292 204 296 221 308 233L563 492 304 771C292 783 288 800 288 817 288 833 296 850 308 863 321 871 338 875 354 875 371 875 388 867 400 854L696 533Z\"><\/path><\/svg>\t\t\t\t\t<\/div>\n\t\t\t\t\n\t\t\t\t\t\t\t\t\t<\/div>\n\t\t\t\t\t\t<\/div>\n\t\t\t\t<\/div>\n\t\t\t\t<div class=\"elementor-element elementor-element-0116962 elementor-view-stacked elementor-shape-circle elementor-position-top elementor-mobile-position-top elementor-widget elementor-widget-icon-box\" data-id=\"0116962\" data-element_type=\"widget\" data-widget_type=\"icon-box.default\">\n\t\t\t\t<div class=\"elementor-widget-container\">\n\t\t\t\t\t\t\t<div class=\"elementor-icon-box-wrapper\">\n\n\t\t\t\t\t\t<div class=\"elementor-icon-box-icon\">\n\t\t\t\t<span  class=\"elementor-icon\">\n\t\t\t\t<svg aria-hidden=\"true\" class=\"e-font-icon-svg e-fas-user-clock\" viewBox=\"0 0 640 512\" xmlns=\"http:\/\/www.w3.org\/2000\/svg\"><path d=\"M496 224c-79.6 0-144 64.4-144 144s64.4 144 144 144 144-64.4 144-144-64.4-144-144-144zm64 150.3c0 5.3-4.4 9.7-9.7 9.7h-60.6c-5.3 0-9.7-4.4-9.7-9.7v-76.6c0-5.3 4.4-9.7 9.7-9.7h12.6c5.3 0 9.7 4.4 9.7 9.7V352h38.3c5.3 0 9.7 4.4 9.7 9.7v12.6zM320 368c0-27.8 6.7-54.1 18.2-77.5-8-1.5-16.2-2.5-24.6-2.5h-16.7c-22.2 10.2-46.9 16-72.9 16s-50.6-5.8-72.9-16h-16.7C60.2 288 0 348.2 0 422.4V464c0 26.5 21.5 48 48 48h347.1c-45.3-31.9-75.1-84.5-75.1-144zm-96-112c70.7 0 128-57.3 128-128S294.7 0 224 0 96 57.3 96 128s57.3 128 128 128z\"><\/path><\/svg>\t\t\t\t<\/span>\n\t\t\t<\/div>\n\t\t\t\n\t\t\t\t\t\t<div class=\"elementor-icon-box-content\">\n\n\t\t\t\t\t\t\t\t\t<h3 class=\"elementor-icon-box-title\">\n\t\t\t\t\t\t<span  >\n\t\t\t\t\t\t\tDelovni \u010cas\t\t\t\t\t\t<\/span>\n\t\t\t\t\t<\/h3>\n\t\t\t\t\n\t\t\t\t\t\t\t\t\t<p class=\"elementor-icon-box-description\">\n\t\t\t\t\t\tPonedeljek: 12:00 - 20:00 <\/br>\nTorek: 7:00 - 15:00<\/br>\nSreda: 12:00 - 20:00<\/br>\n\u010cetrtek: 8:00 - 20:00<\/br>\nPetek: 7:00 - 15:00<\/br>\nSobota: po dogovoru<\/br>\nNedelja: ZAPRTO<br>\t\t\t\t\t<\/p>\n\t\t\t\t\n\t\t\t<\/div>\n\t\t\t\n\t\t<\/div>\n\t\t\t\t\t\t<\/div>\n\t\t\t\t<\/div>\n\t\t\t\t<div class=\"elementor-element elementor-element-5d6ddb4 elementor-align-center floating elementor-widget elementor-widget-button\" data-id=\"5d6ddb4\" data-element_type=\"widget\" id=\"floating\" data-widget_type=\"button.default\">\n\t\t\t\t<div class=\"elementor-widget-container\">\n\t\t\t\t\t\t\t\t\t<div class=\"elementor-button-wrapper\">\n\t\t\t\t\t<a class=\"elementor-button elementor-button-link elementor-size-sm elementor-animation-grow\" href=\"https:\/\/form.lime-booking.com\/sl\/estetika_eva\/service\" target=\"_blank\" id=\"floating\">\n\t\t\t\t\t\t<span class=\"elementor-button-content-wrapper\">\n\t\t\t\t\t\t\t\t\t<span class=\"elementor-button-text\">NARO\u010cI SE<\/span>\n\t\t\t\t\t<\/span>\n\t\t\t\t\t<\/a>\n\t\t\t\t<\/div>\n\t\t\t\t\t\t\t\t<\/div>\n\t\t\t\t<\/div>\n\t\t\t\t<\/div>\n\t\t\t\t<\/div>\n\t\t\t\t<\/div>\n\t\t","protected":false},"excerpt":{"rendered":"<p>Delovni \u010cas Ponedeljek: 12:00 &#8211; 20:00 Torek: 7:00 &#8211; 15:00 Sreda: 12:00 &#8211; 20:00 \u010cetrtek: 8:00 &#8211; 20:00 Petek: 7:00 &#8211; 15:00 Sobota: po dogovoru Nedelja: ZAPRTO NARO\u010cI SE<\/p>\n","protected":false},"author":1,"featured_media":0,"parent":0,"menu_order":0,"comment_status":"closed","ping_status":"closed","template":"","meta":{"footnotes":""},"class_list":["post-12","page","type-page","status-publish","hentry"],"yoast_head":"<!-- This site is optimized with the Yoast SEO plugin v26.0 - https:\/\/yoast.com\/wordpress\/plugins\/seo\/ -->\n<title>Estetika Eva - Kozmeti\u010dni in frizerski salon<\/title>\n<meta name=\"description\" content=\"Frizerski in kozmeti\u010dni salon v \u0160kofji Loki, \u0160olska ulica 2. Estetika Eva ponuja vrsto storitev, od nege obraza, telesa, pedikure,...\" \/>\n<meta name=\"robots\" content=\"index, follow, max-snippet:-1, max-image-preview:large, max-video-preview:-1\" \/>\n<link rel=\"canonical\" href=\"https:\/\/nova.estetika-eva.si\/\" \/>\n<meta property=\"og:locale\" content=\"en_US\" \/>\n<meta property=\"og:type\" content=\"article\" \/>\n<meta property=\"og:title\" content=\"Estetika Eva - Kozmeti\u010dni in frizerski salon\" \/>\n<meta property=\"og:description\" content=\"Frizerski in kozmeti\u010dni salon v \u0160kofji Loki, \u0160olska ulica 2. Estetika Eva ponuja vrsto storitev, od nege obraza, telesa, pedikure,...\" \/>\n<meta property=\"og:url\" content=\"https:\/\/nova.estetika-eva.si\/\" \/>\n<meta property=\"og:site_name\" content=\"Estetika Eva\" \/>\n<meta property=\"article:modified_time\" content=\"2025-06-10T12:57:40+00:00\" \/>\n<meta property=\"og:image\" content=\"https:\/\/nova.estetika-eva.si\/wp-content\/uploads\/2025\/06\/RF_FOTO_COLOR.png\" \/>\n\t<meta property=\"og:image:width\" content=\"637\" \/>\n\t<meta property=\"og:image:height\" content=\"637\" \/>\n\t<meta property=\"og:image:type\" content=\"image\/png\" \/>\n<meta name=\"twitter:card\" content=\"summary_large_image\" \/>\n<meta name=\"twitter:label1\" content=\"Est. reading time\" \/>\n\t<meta name=\"twitter:data1\" content=\"4 minutes\" \/>\n<script type=\"application\/ld+json\" class=\"yoast-schema-graph\">{\"@context\":\"https:\/\/schema.org\",\"@graph\":[{\"@type\":\"WebPage\",\"@id\":\"https:\/\/nova.estetika-eva.si\/\",\"url\":\"https:\/\/nova.estetika-eva.si\/\",\"name\":\"Estetika Eva - Kozmeti\u010dni in frizerski salon\",\"isPartOf\":{\"@id\":\"https:\/\/nova.estetika-eva.si\/#website\"},\"primaryImageOfPage\":{\"@id\":\"https:\/\/nova.estetika-eva.si\/#primaryimage\"},\"image\":{\"@id\":\"https:\/\/nova.estetika-eva.si\/#primaryimage\"},\"thumbnailUrl\":\"https:\/\/nova.estetika-eva.si\/wp-content\/uploads\/2025\/06\/RF_FOTO_COLOR.png\",\"datePublished\":\"2024-12-08T21:25:33+00:00\",\"dateModified\":\"2025-06-10T12:57:40+00:00\",\"description\":\"Frizerski in kozmeti\u010dni salon v \u0160kofji Loki, \u0160olska ulica 2. Estetika Eva ponuja vrsto storitev, od nege obraza, telesa, pedikure,...\",\"breadcrumb\":{\"@id\":\"https:\/\/nova.estetika-eva.si\/#breadcrumb\"},\"inLanguage\":\"en-US\",\"potentialAction\":[{\"@type\":\"ReadAction\",\"target\":[\"https:\/\/nova.estetika-eva.si\/\"]}]},{\"@type\":\"ImageObject\",\"inLanguage\":\"en-US\",\"@id\":\"https:\/\/nova.estetika-eva.si\/#primaryimage\",\"url\":\"https:\/\/nova.estetika-eva.si\/wp-content\/uploads\/2025\/06\/RF_FOTO_COLOR.png\",\"contentUrl\":\"https:\/\/nova.estetika-eva.si\/wp-content\/uploads\/2025\/06\/RF_FOTO_COLOR.png\",\"width\":637,\"height\":637},{\"@type\":\"BreadcrumbList\",\"@id\":\"https:\/\/nova.estetika-eva.si\/#breadcrumb\",\"itemListElement\":[{\"@type\":\"ListItem\",\"position\":1,\"name\":\"Home\",\"item\":\"https:\/\/nova.estetika-eva.si\/\"},{\"@type\":\"ListItem\",\"position\":2,\"name\":\"Domov\"}]},{\"@type\":\"WebSite\",\"@id\":\"https:\/\/nova.estetika-eva.si\/#website\",\"url\":\"https:\/\/nova.estetika-eva.si\/\",\"name\":\"Estetika Eva\",\"description\":\"Estetika eva\",\"publisher\":{\"@id\":\"https:\/\/nova.estetika-eva.si\/#organization\"},\"potentialAction\":[{\"@type\":\"SearchAction\",\"target\":{\"@type\":\"EntryPoint\",\"urlTemplate\":\"https:\/\/nova.estetika-eva.si\/?s={search_term_string}\"},\"query-input\":{\"@type\":\"PropertyValueSpecification\",\"valueRequired\":true,\"valueName\":\"search_term_string\"}}],\"inLanguage\":\"en-US\"},{\"@type\":\"Organization\",\"@id\":\"https:\/\/nova.estetika-eva.si\/#organization\",\"name\":\"Estetika Eva\",\"url\":\"https:\/\/nova.estetika-eva.si\/\",\"logo\":{\"@type\":\"ImageObject\",\"inLanguage\":\"en-US\",\"@id\":\"https:\/\/nova.estetika-eva.si\/#\/schema\/logo\/image\/\",\"url\":\"https:\/\/nova.estetika-eva.si\/wp-content\/uploads\/2024\/12\/evaLogoMali.png\",\"contentUrl\":\"https:\/\/nova.estetika-eva.si\/wp-content\/uploads\/2024\/12\/evaLogoMali.png\",\"width\":100,\"height\":100,\"caption\":\"Estetika Eva\"},\"image\":{\"@id\":\"https:\/\/nova.estetika-eva.si\/#\/schema\/logo\/image\/\"}}]}<\/script>\n<!-- \/ Yoast SEO plugin. -->","yoast_head_json":{"title":"Estetika Eva - Kozmeti\u010dni in frizerski salon","description":"Frizerski in kozmeti\u010dni salon v \u0160kofji Loki, \u0160olska ulica 2. Estetika Eva ponuja vrsto storitev, od nege obraza, telesa, pedikure,...","robots":{"index":"index","follow":"follow","max-snippet":"max-snippet:-1","max-image-preview":"max-image-preview:large","max-video-preview":"max-video-preview:-1"},"canonical":"https:\/\/nova.estetika-eva.si\/","og_locale":"en_US","og_type":"article","og_title":"Estetika Eva - Kozmeti\u010dni in frizerski salon","og_description":"Frizerski in kozmeti\u010dni salon v \u0160kofji Loki, \u0160olska ulica 2. Estetika Eva ponuja vrsto storitev, od nege obraza, telesa, pedikure,...","og_url":"https:\/\/nova.estetika-eva.si\/","og_site_name":"Estetika Eva","article_modified_time":"2025-06-10T12:57:40+00:00","og_image":[{"width":637,"height":637,"url":"https:\/\/nova.estetika-eva.si\/wp-content\/uploads\/2025\/06\/RF_FOTO_COLOR.png","type":"image\/png"}],"twitter_card":"summary_large_image","twitter_misc":{"Est. reading time":"4 minutes"},"schema":{"@context":"https:\/\/schema.org","@graph":[{"@type":"WebPage","@id":"https:\/\/nova.estetika-eva.si\/","url":"https:\/\/nova.estetika-eva.si\/","name":"Estetika Eva - Kozmeti\u010dni in frizerski salon","isPartOf":{"@id":"https:\/\/nova.estetika-eva.si\/#website"},"primaryImageOfPage":{"@id":"https:\/\/nova.estetika-eva.si\/#primaryimage"},"image":{"@id":"https:\/\/nova.estetika-eva.si\/#primaryimage"},"thumbnailUrl":"https:\/\/nova.estetika-eva.si\/wp-content\/uploads\/2025\/06\/RF_FOTO_COLOR.png","datePublished":"2024-12-08T21:25:33+00:00","dateModified":"2025-06-10T12:57:40+00:00","description":"Frizerski in kozmeti\u010dni salon v \u0160kofji Loki, \u0160olska ulica 2. Estetika Eva ponuja vrsto storitev, od nege obraza, telesa, pedikure,...","breadcrumb":{"@id":"https:\/\/nova.estetika-eva.si\/#breadcrumb"},"inLanguage":"en-US","potentialAction":[{"@type":"ReadAction","target":["https:\/\/nova.estetika-eva.si\/"]}]},{"@type":"ImageObject","inLanguage":"en-US","@id":"https:\/\/nova.estetika-eva.si\/#primaryimage","url":"https:\/\/nova.estetika-eva.si\/wp-content\/uploads\/2025\/06\/RF_FOTO_COLOR.png","contentUrl":"https:\/\/nova.estetika-eva.si\/wp-content\/uploads\/2025\/06\/RF_FOTO_COLOR.png","width":637,"height":637},{"@type":"BreadcrumbList","@id":"https:\/\/nova.estetika-eva.si\/#breadcrumb","itemListElement":[{"@type":"ListItem","position":1,"name":"Home","item":"https:\/\/nova.estetika-eva.si\/"},{"@type":"ListItem","position":2,"name":"Domov"}]},{"@type":"WebSite","@id":"https:\/\/nova.estetika-eva.si\/#website","url":"https:\/\/nova.estetika-eva.si\/","name":"Estetika Eva","description":"Estetika eva","publisher":{"@id":"https:\/\/nova.estetika-eva.si\/#organization"},"potentialAction":[{"@type":"SearchAction","target":{"@type":"EntryPoint","urlTemplate":"https:\/\/nova.estetika-eva.si\/?s={search_term_string}"},"query-input":{"@type":"PropertyValueSpecification","valueRequired":true,"valueName":"search_term_string"}}],"inLanguage":"en-US"},{"@type":"Organization","@id":"https:\/\/nova.estetika-eva.si\/#organization","name":"Estetika Eva","url":"https:\/\/nova.estetika-eva.si\/","logo":{"@type":"ImageObject","inLanguage":"en-US","@id":"https:\/\/nova.estetika-eva.si\/#\/schema\/logo\/image\/","url":"https:\/\/nova.estetika-eva.si\/wp-content\/uploads\/2024\/12\/evaLogoMali.png","contentUrl":"https:\/\/nova.estetika-eva.si\/wp-content\/uploads\/2024\/12\/evaLogoMali.png","width":100,"height":100,"caption":"Estetika Eva"},"image":{"@id":"https:\/\/nova.estetika-eva.si\/#\/schema\/logo\/image\/"}}]}},"_links":{"self":[{"href":"https:\/\/nova.estetika-eva.si\/index.php?rest_route=\/wp\/v2\/pages\/12","targetHints":{"allow":["GET"]}}],"collection":[{"href":"https:\/\/nova.estetika-eva.si\/index.php?rest_route=\/wp\/v2\/pages"}],"about":[{"href":"https:\/\/nova.estetika-eva.si\/index.php?rest_route=\/wp\/v2\/types\/page"}],"author":[{"embeddable":true,"href":"https:\/\/nova.estetika-eva.si\/index.php?rest_route=\/wp\/v2\/users\/1"}],"replies":[{"embeddable":true,"href":"https:\/\/nova.estetika-eva.si\/index.php?rest_route=%2Fwp%2Fv2%2Fcomments&post=12"}],"version-history":[{"count":304,"href":"https:\/\/nova.estetika-eva.si\/index.php?rest_route=\/wp\/v2\/pages\/12\/revisions"}],"predecessor-version":[{"id":1019,"href":"https:\/\/nova.estetika-eva.si\/index.php?rest_route=\/wp\/v2\/pages\/12\/revisions\/1019"}],"wp:attachment":[{"href":"https:\/\/nova.estetika-eva.si\/index.php?rest_route=%2Fwp%2Fv2%2Fmedia&parent=12"}],"curies":[{"name":"wp","href":"https:\/\/api.w.org\/{rel}","templated":true}]}}